{"id":33,"date":"2025-02-07T22:44:18","date_gmt":"2025-02-07T22:44:18","guid":{"rendered":"https:\/\/jasinskifizjo.pl\/?page_id=33"},"modified":"2025-06-08T12:43:43","modified_gmt":"2025-06-08T12:43:43","slug":"uslugi","status":"publish","type":"page","link":"https:\/\/jasinskifizjo.pl\/?page_id=33","title":{"rendered":"US\u0141UGI"},"content":{"rendered":"\n<figure class=\"wp-block-table is-style-stripes\" style=\"margin-top:0;margin-bottom:0;padding-top:0;padding-right:0;padding-bottom:0;padding-left:0;font-size:clamp(0.875rem, 0.875rem + ((1vw - 0.2rem) * 0.244), 1rem);\"><table class=\"has-primary-color has-text-color has-link-color\" style=\"border-style:none;border-width:0px\"><tbody><tr><td>Wizyta fizjoterapeutyczna<\/td><td><strong>od 250<\/strong><\/td><\/tr><tr><td>Konsultacja z fizjoterapeut\u0105<\/td><td><strong>od 50<\/strong><\/td><\/tr><tr><td>Terapia manualna<\/td><td><strong>od 190<\/strong><\/td><\/tr><tr><td>Masa\u017c<\/td><td><strong>od 190<\/strong><\/td><\/tr><tr><td>Kinesiology taping<\/td><td><strong>od 30<\/strong><\/td><\/tr><tr><td>Terapia narz\u0119dziowa<\/td><td><strong>od 190<\/strong><\/td><\/tr><tr><td>Twardy taping<\/td><td><strong>od 30<\/strong><\/td><\/tr><tr><td>Terapia powi\u0119ziowa<\/td><td><strong>od 190<\/strong><\/td><\/tr><tr><td>Terapia blizn<\/td><td><strong>od 150<\/strong><\/td><\/tr><tr><td>Programowanie treningu<\/td><td><strong>od 190<\/strong><\/td><\/tr><tr><td>Edukacja posturalna, ergonomia pracy<\/td><td><strong>od 190<\/strong><\/td><\/tr><tr><td><em><strong>wizyta poza godzinami pracy +50% do ceny regularnej<\/strong><\/em><\/td><td><\/td><\/tr><\/tbody><\/table><\/figure>\n\n\n\n<div class=\"wp-block-group has-background has-global-padding is-layout-constrained wp-container-core-group-is-layout-e5275f46 wp-block-group-is-layout-constrained\" style=\"background-color:#f7f7f7;margin-top:0;margin-bottom:0;padding-top:70px;padding-right:20px;padding-bottom:70px;padding-left:20px\">\n<div class=\"wp-block-group has-global-padding is-layout-constrained wp-block-group-is-layout-constrained\" style=\"margin-top:0;margin-bottom:0\">\n<div class=\"wp-block-columns is-layout-flex wp-container-core-columns-is-layout-28f84493 wp-block-columns-is-layout-flex\">\n<div class=\"wp-block-column wow animate__animated animate__zoomIn is-layout-flow wp-block-column-is-layout-flow\">\n<figure class=\"wp-block-image aligncenter size-large is-resized has-custom-border\"><img loading=\"lazy\" decoding=\"async\" width=\"768\" height=\"1024\" src=\"https:\/\/jasinskifizjo.pl\/wp-content\/uploads\/2025\/02\/1738965913513-2-768x1024.jpg\" alt=\"terapia manualna Warszawa\" class=\"wp-image-80\" style=\"border-radius:50%;aspect-ratio:1;object-fit:cover;width:285px;height:auto\" srcset=\"https:\/\/jasinskifizjo.pl\/wp-content\/uploads\/2025\/02\/1738965913513-2-768x1024.jpg 768w, https:\/\/jasinskifizjo.pl\/wp-content\/uploads\/2025\/02\/1738965913513-2-225x300.jpg 225w, https:\/\/jasinskifizjo.pl\/wp-content\/uploads\/2025\/02\/1738965913513-2-1152x1536.jpg 1152w, https:\/\/jasinskifizjo.pl\/wp-content\/uploads\/2025\/02\/1738965913513-2-1536x2048.jpg 1536w, https:\/\/jasinskifizjo.pl\/wp-content\/uploads\/2025\/02\/1738965913513-2-scaled.jpg 1920w\" sizes=\"auto, (max-width: 768px) 100vw, 768px\" \/><\/figure>\n\n\n\n<p class=\"has-text-align-center has-small-font-size\" style=\"margin-top:0;margin-bottom:0\"><\/p>\n<\/div>\n\n\n\n<div class=\"wp-block-column wow animate__animated animate__zoomIn is-layout-flow wp-block-column-is-layout-flow\">\n<figure class=\"wp-block-image aligncenter size-full is-resized has-custom-border\"><img loading=\"lazy\" decoding=\"async\" width=\"382\" height=\"510\" src=\"https:\/\/jasinskifizjo.pl\/wp-content\/uploads\/2025\/02\/2025-01-23-3.jpg\" alt=\"terapia manualna Warszawa\" class=\"wp-image-79\" style=\"border-radius:50%;aspect-ratio:1;object-fit:cover;width:283px;height:auto\" srcset=\"https:\/\/jasinskifizjo.pl\/wp-content\/uploads\/2025\/02\/2025-01-23-3.jpg 382w, https:\/\/jasinskifizjo.pl\/wp-content\/uploads\/2025\/02\/2025-01-23-3-225x300.jpg 225w\" sizes=\"auto, (max-width: 382px) 100vw, 382px\" \/><\/figure>\n<\/div>\n\n\n\n<div class=\"wp-block-column wow animate__animated animate__zoomIn is-layout-flow wp-block-column-is-layout-flow\">\n<figure class=\"wp-block-image aligncenter size-full is-resized has-custom-border\"><img loading=\"lazy\" decoding=\"async\" width=\"1920\" height=\"2560\" src=\"https:\/\/jasinskifizjo.pl\/wp-content\/uploads\/2025\/02\/1738971542275-scaled.jpg\" alt=\"terapia manualna Warszawa\" class=\"wp-image-81\" style=\"border-radius:50%;aspect-ratio:1;object-fit:cover;width:283px;height:auto\" srcset=\"https:\/\/jasinskifizjo.pl\/wp-content\/uploads\/2025\/02\/1738971542275-scaled.jpg 1920w, https:\/\/jasinskifizjo.pl\/wp-content\/uploads\/2025\/02\/1738971542275-225x300.jpg 225w, https:\/\/jasinskifizjo.pl\/wp-content\/uploads\/2025\/02\/1738971542275-768x1024.jpg 768w, https:\/\/jasinskifizjo.pl\/wp-content\/uploads\/2025\/02\/1738971542275-1152x1536.jpg 1152w, https:\/\/jasinskifizjo.pl\/wp-content\/uploads\/2025\/02\/1738971542275-1536x2048.jpg 1536w\" sizes=\"auto, (max-width: 1920px) 100vw, 1920px\" \/><\/figure>\n<\/div>\n<\/div>\n<\/div>\n<\/div>\n\n\n\n<div class=\"wp-block-columns is-layout-flex wp-container-core-columns-is-layout-28f84493 wp-block-columns-is-layout-flex\">\n<div class=\"wp-block-column is-layout-flow wp-block-column-is-layout-flow\" style=\"flex-basis:100%\"><\/div>\n<\/div>\n","protected":false},"excerpt":{"rendered":"<p>Wizyta fizjoterapeutyczna od 250 Konsultacja z fizjoterapeut\u0105 od 50 Terapia manualna od 190 Masa\u017c od 190 Kinesiology taping od 30 Terapia narz\u0119dziowa od 190 Twardy taping od 30 Terapia powi\u0119ziowa od 190 Terapia blizn od 150 Programowanie treningu od 190 Edukacja posturalna, ergonomia pracy od 190 wizyta poza godzinami pracy +50% do ceny regularnej<\/p>\n","protected":false},"author":2,"featured_media":0,"parent":0,"menu_order":0,"comment_status":"closed","ping_status":"closed","template":"","meta":{"footnotes":""},"class_list":["post-33","page","type-page","status-publish","hentry"],"yoast_head":"<!-- This site is optimized with the Yoast SEO plugin v26.9 - https:\/\/yoast.com\/product\/yoast-seo-wordpress\/ -->\n<title>US\u0141UGI - Pawe\u0142 Jasi\u0144ski Fizjoterapeuta<\/title>\n<meta name=\"robots\" content=\"index, follow, max-snippet:-1, max-image-preview:large, max-video-preview:-1\" \/>\n<link rel=\"canonical\" href=\"https:\/\/jasinskifizjo.pl\/?page_id=33\" \/>\n<meta property=\"og:locale\" content=\"pl_PL\" \/>\n<meta property=\"og:type\" content=\"article\" \/>\n<meta property=\"og:title\" content=\"US\u0141UGI - Pawe\u0142 Jasi\u0144ski Fizjoterapeuta\" \/>\n<meta property=\"og:description\" content=\"Wizyta fizjoterapeutyczna od 250 Konsultacja z fizjoterapeut\u0105 od 50 Terapia manualna od 190 Masa\u017c od 190 Kinesiology taping od 30 Terapia narz\u0119dziowa od 190 Twardy taping od 30 Terapia powi\u0119ziowa od 190 Terapia blizn od 150 Programowanie treningu od 190 Edukacja posturalna, ergonomia pracy od 190 wizyta poza godzinami pracy +50% do ceny regularnej\" \/>\n<meta property=\"og:url\" content=\"https:\/\/jasinskifizjo.pl\/?page_id=33\" \/>\n<meta property=\"og:site_name\" content=\"Pawe\u0142 Jasi\u0144ski Fizjoterapeuta\" \/>\n<meta property=\"article:modified_time\" content=\"2025-06-08T12:43:43+00:00\" \/>\n<meta property=\"og:image\" content=\"https:\/\/jasinskifizjo.pl\/wp-content\/uploads\/2025\/02\/1738965913513-2-scaled.jpg\" \/>\n\t<meta property=\"og:image:width\" content=\"1920\" \/>\n\t<meta property=\"og:image:height\" content=\"2560\" \/>\n\t<meta property=\"og:image:type\" content=\"image\/jpeg\" \/>\n<meta name=\"twitter:card\" content=\"summary_large_image\" \/>\n<meta name=\"twitter:label1\" content=\"Szacowany czas czytania\" \/>\n\t<meta name=\"twitter:data1\" content=\"1 minuta\" \/>\n<script type=\"application\/ld+json\" class=\"yoast-schema-graph\">{\"@context\":\"https:\/\/schema.org\",\"@graph\":[{\"@type\":\"WebPage\",\"@id\":\"https:\/\/jasinskifizjo.pl\/?page_id=33\",\"url\":\"https:\/\/jasinskifizjo.pl\/?page_id=33\",\"name\":\"US\u0141UGI - Pawe\u0142 Jasi\u0144ski Fizjoterapeuta\",\"isPartOf\":{\"@id\":\"https:\/\/jasinskifizjo.pl\/#website\"},\"primaryImageOfPage\":{\"@id\":\"https:\/\/jasinskifizjo.pl\/?page_id=33#primaryimage\"},\"image\":{\"@id\":\"https:\/\/jasinskifizjo.pl\/?page_id=33#primaryimage\"},\"thumbnailUrl\":\"https:\/\/jasinskifizjo.pl\/wp-content\/uploads\/2025\/02\/1738965913513-2-768x1024.jpg\",\"datePublished\":\"2025-02-07T22:44:18+00:00\",\"dateModified\":\"2025-06-08T12:43:43+00:00\",\"breadcrumb\":{\"@id\":\"https:\/\/jasinskifizjo.pl\/?page_id=33#breadcrumb\"},\"inLanguage\":\"pl-PL\",\"potentialAction\":[{\"@type\":\"ReadAction\",\"target\":[\"https:\/\/jasinskifizjo.pl\/?page_id=33\"]}]},{\"@type\":\"ImageObject\",\"inLanguage\":\"pl-PL\",\"@id\":\"https:\/\/jasinskifizjo.pl\/?page_id=33#primaryimage\",\"url\":\"https:\/\/jasinskifizjo.pl\/wp-content\/uploads\/2025\/02\/1738965913513-2-scaled.jpg\",\"contentUrl\":\"https:\/\/jasinskifizjo.pl\/wp-content\/uploads\/2025\/02\/1738965913513-2-scaled.jpg\",\"width\":1920,\"height\":2560},{\"@type\":\"BreadcrumbList\",\"@id\":\"https:\/\/jasinskifizjo.pl\/?page_id=33#breadcrumb\",\"itemListElement\":[{\"@type\":\"ListItem\",\"position\":1,\"name\":\"Strona g\u0142\u00f3wna\",\"item\":\"https:\/\/jasinskifizjo.pl\/\"},{\"@type\":\"ListItem\",\"position\":2,\"name\":\"US\u0141UGI\"}]},{\"@type\":\"WebSite\",\"@id\":\"https:\/\/jasinskifizjo.pl\/#website\",\"url\":\"https:\/\/jasinskifizjo.pl\/\",\"name\":\"Pawe\u0142 Jasi\u0144ski Fizjoterapeuta\",\"description\":\"Pawe\u0142 Jasi\u0144ski Fizjoterapeuta\",\"potentialAction\":[{\"@type\":\"SearchAction\",\"target\":{\"@type\":\"EntryPoint\",\"urlTemplate\":\"https:\/\/jasinskifizjo.pl\/?s={search_term_string}\"},\"query-input\":{\"@type\":\"PropertyValueSpecification\",\"valueRequired\":true,\"valueName\":\"search_term_string\"}}],\"inLanguage\":\"pl-PL\"}]}<\/script>\n<!-- \/ Yoast SEO plugin. -->","yoast_head_json":{"title":"US\u0141UGI - Pawe\u0142 Jasi\u0144ski Fizjoterapeuta","robots":{"index":"index","follow":"follow","max-snippet":"max-snippet:-1","max-image-preview":"max-image-preview:large","max-video-preview":"max-video-preview:-1"},"canonical":"https:\/\/jasinskifizjo.pl\/?page_id=33","og_locale":"pl_PL","og_type":"article","og_title":"US\u0141UGI - Pawe\u0142 Jasi\u0144ski Fizjoterapeuta","og_description":"Wizyta fizjoterapeutyczna od 250 Konsultacja z fizjoterapeut\u0105 od 50 Terapia manualna od 190 Masa\u017c od 190 Kinesiology taping od 30 Terapia narz\u0119dziowa od 190 Twardy taping od 30 Terapia powi\u0119ziowa od 190 Terapia blizn od 150 Programowanie treningu od 190 Edukacja posturalna, ergonomia pracy od 190 wizyta poza godzinami pracy +50% do ceny regularnej","og_url":"https:\/\/jasinskifizjo.pl\/?page_id=33","og_site_name":"Pawe\u0142 Jasi\u0144ski Fizjoterapeuta","article_modified_time":"2025-06-08T12:43:43+00:00","og_image":[{"width":1920,"height":2560,"url":"https:\/\/jasinskifizjo.pl\/wp-content\/uploads\/2025\/02\/1738965913513-2-scaled.jpg","type":"image\/jpeg"}],"twitter_card":"summary_large_image","twitter_misc":{"Szacowany czas czytania":"1 minuta"},"schema":{"@context":"https:\/\/schema.org","@graph":[{"@type":"WebPage","@id":"https:\/\/jasinskifizjo.pl\/?page_id=33","url":"https:\/\/jasinskifizjo.pl\/?page_id=33","name":"US\u0141UGI - Pawe\u0142 Jasi\u0144ski Fizjoterapeuta","isPartOf":{"@id":"https:\/\/jasinskifizjo.pl\/#website"},"primaryImageOfPage":{"@id":"https:\/\/jasinskifizjo.pl\/?page_id=33#primaryimage"},"image":{"@id":"https:\/\/jasinskifizjo.pl\/?page_id=33#primaryimage"},"thumbnailUrl":"https:\/\/jasinskifizjo.pl\/wp-content\/uploads\/2025\/02\/1738965913513-2-768x1024.jpg","datePublished":"2025-02-07T22:44:18+00:00","dateModified":"2025-06-08T12:43:43+00:00","breadcrumb":{"@id":"https:\/\/jasinskifizjo.pl\/?page_id=33#breadcrumb"},"inLanguage":"pl-PL","potentialAction":[{"@type":"ReadAction","target":["https:\/\/jasinskifizjo.pl\/?page_id=33"]}]},{"@type":"ImageObject","inLanguage":"pl-PL","@id":"https:\/\/jasinskifizjo.pl\/?page_id=33#primaryimage","url":"https:\/\/jasinskifizjo.pl\/wp-content\/uploads\/2025\/02\/1738965913513-2-scaled.jpg","contentUrl":"https:\/\/jasinskifizjo.pl\/wp-content\/uploads\/2025\/02\/1738965913513-2-scaled.jpg","width":1920,"height":2560},{"@type":"BreadcrumbList","@id":"https:\/\/jasinskifizjo.pl\/?page_id=33#breadcrumb","itemListElement":[{"@type":"ListItem","position":1,"name":"Strona g\u0142\u00f3wna","item":"https:\/\/jasinskifizjo.pl\/"},{"@type":"ListItem","position":2,"name":"US\u0141UGI"}]},{"@type":"WebSite","@id":"https:\/\/jasinskifizjo.pl\/#website","url":"https:\/\/jasinskifizjo.pl\/","name":"Pawe\u0142 Jasi\u0144ski Fizjoterapeuta","description":"Pawe\u0142 Jasi\u0144ski Fizjoterapeuta","potentialAction":[{"@type":"SearchAction","target":{"@type":"EntryPoint","urlTemplate":"https:\/\/jasinskifizjo.pl\/?s={search_term_string}"},"query-input":{"@type":"PropertyValueSpecification","valueRequired":true,"valueName":"search_term_string"}}],"inLanguage":"pl-PL"}]}},"_links":{"self":[{"href":"https:\/\/jasinskifizjo.pl\/index.php?rest_route=\/wp\/v2\/pages\/33","targetHints":{"allow":["GET"]}}],"collection":[{"href":"https:\/\/jasinskifizjo.pl\/index.php?rest_route=\/wp\/v2\/pages"}],"about":[{"href":"https:\/\/jasinskifizjo.pl\/index.php?rest_route=\/wp\/v2\/types\/page"}],"author":[{"embeddable":true,"href":"https:\/\/jasinskifizjo.pl\/index.php?rest_route=\/wp\/v2\/users\/2"}],"replies":[{"embeddable":true,"href":"https:\/\/jasinskifizjo.pl\/index.php?rest_route=%2Fwp%2Fv2%2Fcomments&post=33"}],"version-history":[{"count":1,"href":"https:\/\/jasinskifizjo.pl\/index.php?rest_route=\/wp\/v2\/pages\/33\/revisions"}],"predecessor-version":[{"id":96,"href":"https:\/\/jasinskifizjo.pl\/index.php?rest_route=\/wp\/v2\/pages\/33\/revisions\/96"}],"wp:attachment":[{"href":"https:\/\/jasinskifizjo.pl\/index.php?rest_route=%2Fwp%2Fv2%2Fmedia&parent=33"}],"curies":[{"name":"wp","href":"https:\/\/api.w.org\/{rel}","templated":true}]}}