{"id":125,"date":"2026-02-06T22:01:26","date_gmt":"2026-02-06T22:01:26","guid":{"rendered":"https:\/\/jasinskifizjo.pl\/?page_id=125"},"modified":"2026-02-07T14:29:04","modified_gmt":"2026-02-07T14:29:04","slug":"konsultacja-fizjoterapeutyczna-i-badanie-ukladu-ruchu","status":"publish","type":"page","link":"https:\/\/jasinskifizjo.pl\/?page_id=125","title":{"rendered":"Konsultacja fizjoterapeutyczna i badanie uk\u0142adu ruchu"},"content":{"rendered":"","protected":false},"excerpt":{"rendered":"","protected":false},"author":3,"featured_media":0,"parent":123,"menu_order":0,"comment_status":"closed","ping_status":"closed","template":"","meta":{"footnotes":""},"class_list":["post-125","page","type-page","status-publish","hentry"],"yoast_head":"<!-- This site is optimized with the Yoast SEO plugin v26.9 - https:\/\/yoast.com\/product\/yoast-seo-wordpress\/ -->\n<title>Konsultacja fizjoterapeutyczna i badanie uk\u0142adu ruchu - Pawe\u0142 Jasi\u0144ski Fizjoterapeuta<\/title>\n<meta name=\"robots\" content=\"index, follow, max-snippet:-1, max-image-preview:large, max-video-preview:-1\" \/>\n<link rel=\"canonical\" href=\"https:\/\/jasinskifizjo.pl\/?page_id=125\" \/>\n<meta property=\"og:locale\" content=\"pl_PL\" \/>\n<meta property=\"og:type\" content=\"article\" \/>\n<meta property=\"og:title\" content=\"Konsultacja fizjoterapeutyczna i badanie uk\u0142adu ruchu - Pawe\u0142 Jasi\u0144ski Fizjoterapeuta\" \/>\n<meta property=\"og:url\" content=\"https:\/\/jasinskifizjo.pl\/?page_id=125\" \/>\n<meta property=\"og:site_name\" content=\"Pawe\u0142 Jasi\u0144ski Fizjoterapeuta\" \/>\n<meta property=\"article:modified_time\" content=\"2026-02-07T14:29:04+00:00\" \/>\n<meta name=\"twitter:card\" content=\"summary_large_image\" \/>\n<script type=\"application\/ld+json\" class=\"yoast-schema-graph\">{\"@context\":\"https:\/\/schema.org\",\"@graph\":[{\"@type\":\"WebPage\",\"@id\":\"https:\/\/jasinskifizjo.pl\/?page_id=125\",\"url\":\"https:\/\/jasinskifizjo.pl\/?page_id=125\",\"name\":\"Konsultacja fizjoterapeutyczna i badanie uk\u0142adu ruchu - Pawe\u0142 Jasi\u0144ski Fizjoterapeuta\",\"isPartOf\":{\"@id\":\"https:\/\/jasinskifizjo.pl\/#website\"},\"datePublished\":\"2026-02-06T22:01:26+00:00\",\"dateModified\":\"2026-02-07T14:29:04+00:00\",\"breadcrumb\":{\"@id\":\"https:\/\/jasinskifizjo.pl\/?page_id=125#breadcrumb\"},\"inLanguage\":\"pl-PL\",\"potentialAction\":[{\"@type\":\"ReadAction\",\"target\":[\"https:\/\/jasinskifizjo.pl\/?page_id=125\"]}]},{\"@type\":\"BreadcrumbList\",\"@id\":\"https:\/\/jasinskifizjo.pl\/?page_id=125#breadcrumb\",\"itemListElement\":[{\"@type\":\"ListItem\",\"position\":1,\"name\":\"Strona g\u0142\u00f3wna\",\"item\":\"https:\/\/jasinskifizjo.pl\/\"},{\"@type\":\"ListItem\",\"position\":2,\"name\":\"Us\u0142ugi\",\"item\":\"https:\/\/jasinskifizjo.pl\/?page_id=123\"},{\"@type\":\"ListItem\",\"position\":3,\"name\":\"Konsultacja fizjoterapeutyczna i badanie uk\u0142adu ruchu\"}]},{\"@type\":\"WebSite\",\"@id\":\"https:\/\/jasinskifizjo.pl\/#website\",\"url\":\"https:\/\/jasinskifizjo.pl\/\",\"name\":\"Pawe\u0142 Jasi\u0144ski Fizjoterapeuta\",\"description\":\"Pawe\u0142 Jasi\u0144ski Fizjoterapeuta\",\"potentialAction\":[{\"@type\":\"SearchAction\",\"target\":{\"@type\":\"EntryPoint\",\"urlTemplate\":\"https:\/\/jasinskifizjo.pl\/?s={search_term_string}\"},\"query-input\":{\"@type\":\"PropertyValueSpecification\",\"valueRequired\":true,\"valueName\":\"search_term_string\"}}],\"inLanguage\":\"pl-PL\"}]}<\/script>\n<!-- \/ Yoast SEO plugin. -->","yoast_head_json":{"title":"Konsultacja fizjoterapeutyczna i badanie uk\u0142adu ruchu - Pawe\u0142 Jasi\u0144ski Fizjoterapeuta","robots":{"index":"index","follow":"follow","max-snippet":"max-snippet:-1","max-image-preview":"max-image-preview:large","max-video-preview":"max-video-preview:-1"},"canonical":"https:\/\/jasinskifizjo.pl\/?page_id=125","og_locale":"pl_PL","og_type":"article","og_title":"Konsultacja fizjoterapeutyczna i badanie uk\u0142adu ruchu - Pawe\u0142 Jasi\u0144ski Fizjoterapeuta","og_url":"https:\/\/jasinskifizjo.pl\/?page_id=125","og_site_name":"Pawe\u0142 Jasi\u0144ski Fizjoterapeuta","article_modified_time":"2026-02-07T14:29:04+00:00","twitter_card":"summary_large_image","schema":{"@context":"https:\/\/schema.org","@graph":[{"@type":"WebPage","@id":"https:\/\/jasinskifizjo.pl\/?page_id=125","url":"https:\/\/jasinskifizjo.pl\/?page_id=125","name":"Konsultacja fizjoterapeutyczna i badanie uk\u0142adu ruchu - Pawe\u0142 Jasi\u0144ski Fizjoterapeuta","isPartOf":{"@id":"https:\/\/jasinskifizjo.pl\/#website"},"datePublished":"2026-02-06T22:01:26+00:00","dateModified":"2026-02-07T14:29:04+00:00","breadcrumb":{"@id":"https:\/\/jasinskifizjo.pl\/?page_id=125#breadcrumb"},"inLanguage":"pl-PL","potentialAction":[{"@type":"ReadAction","target":["https:\/\/jasinskifizjo.pl\/?page_id=125"]}]},{"@type":"BreadcrumbList","@id":"https:\/\/jasinskifizjo.pl\/?page_id=125#breadcrumb","itemListElement":[{"@type":"ListItem","position":1,"name":"Strona g\u0142\u00f3wna","item":"https:\/\/jasinskifizjo.pl\/"},{"@type":"ListItem","position":2,"name":"Us\u0142ugi","item":"https:\/\/jasinskifizjo.pl\/?page_id=123"},{"@type":"ListItem","position":3,"name":"Konsultacja fizjoterapeutyczna i badanie uk\u0142adu ruchu"}]},{"@type":"WebSite","@id":"https:\/\/jasinskifizjo.pl\/#website","url":"https:\/\/jasinskifizjo.pl\/","name":"Pawe\u0142 Jasi\u0144ski Fizjoterapeuta","description":"Pawe\u0142 Jasi\u0144ski Fizjoterapeuta","potentialAction":[{"@type":"SearchAction","target":{"@type":"EntryPoint","urlTemplate":"https:\/\/jasinskifizjo.pl\/?s={search_term_string}"},"query-input":{"@type":"PropertyValueSpecification","valueRequired":true,"valueName":"search_term_string"}}],"inLanguage":"pl-PL"}]}},"_links":{"self":[{"href":"https:\/\/jasinskifizjo.pl\/index.php?rest_route=\/wp\/v2\/pages\/125","targetHints":{"allow":["GET"]}}],"collection":[{"href":"https:\/\/jasinskifizjo.pl\/index.php?rest_route=\/wp\/v2\/pages"}],"about":[{"href":"https:\/\/jasinskifizjo.pl\/index.php?rest_route=\/wp\/v2\/types\/page"}],"author":[{"embeddable":true,"href":"https:\/\/jasinskifizjo.pl\/index.php?rest_route=\/wp\/v2\/users\/3"}],"replies":[{"embeddable":true,"href":"https:\/\/jasinskifizjo.pl\/index.php?rest_route=%2Fwp%2Fv2%2Fcomments&post=125"}],"version-history":[{"count":1,"href":"https:\/\/jasinskifizjo.pl\/index.php?rest_route=\/wp\/v2\/pages\/125\/revisions"}],"predecessor-version":[{"id":126,"href":"https:\/\/jasinskifizjo.pl\/index.php?rest_route=\/wp\/v2\/pages\/125\/revisions\/126"}],"up":[{"embeddable":true,"href":"https:\/\/jasinskifizjo.pl\/index.php?rest_route=\/wp\/v2\/pages\/123"}],"wp:attachment":[{"href":"https:\/\/jasinskifizjo.pl\/index.php?rest_route=%2Fwp%2Fv2%2Fmedia&parent=125"}],"curies":[{"name":"wp","href":"https:\/\/api.w.org\/{rel}","templated":true}]}}