{"id":123,"date":"2026-02-06T22:01:39","date_gmt":"2026-02-06T22:01:39","guid":{"rendered":"https:\/\/jasinskifizjo.pl\/?page_id=123"},"modified":"2026-02-06T22:27:00","modified_gmt":"2026-02-06T22:27:00","slug":"uslugi-2","status":"publish","type":"page","link":"https:\/\/jasinskifizjo.pl\/?page_id=123","title":{"rendered":"Us\u0142ugi"},"content":{"rendered":"","protected":false},"excerpt":{"rendered":"","protected":false},"author":1,"featured_media":0,"parent":0,"menu_order":0,"comment_status":"closed","ping_status":"closed","template":"","meta":{"footnotes":""},"class_list":["post-123","page","type-page","status-publish","hentry"],"yoast_head":"<!-- This site is optimized with the Yoast SEO plugin v26.9 - https:\/\/yoast.com\/product\/yoast-seo-wordpress\/ -->\n<title>Us\u0142ugi - Pawe\u0142 Jasi\u0144ski Fizjoterapeuta<\/title>\n<meta name=\"robots\" content=\"index, follow, max-snippet:-1, max-image-preview:large, max-video-preview:-1\" \/>\n<link rel=\"canonical\" href=\"https:\/\/jasinskifizjo.pl\/?page_id=123\" \/>\n<meta property=\"og:locale\" content=\"pl_PL\" \/>\n<meta property=\"og:type\" content=\"article\" \/>\n<meta property=\"og:title\" content=\"Us\u0142ugi - Pawe\u0142 Jasi\u0144ski Fizjoterapeuta\" \/>\n<meta property=\"og:url\" content=\"https:\/\/jasinskifizjo.pl\/?page_id=123\" \/>\n<meta property=\"og:site_name\" content=\"Pawe\u0142 Jasi\u0144ski Fizjoterapeuta\" \/>\n<meta property=\"article:modified_time\" content=\"2026-02-06T22:27:00+00:00\" \/>\n<meta name=\"twitter:card\" content=\"summary_large_image\" \/>\n<script type=\"application\/ld+json\" class=\"yoast-schema-graph\">{\"@context\":\"https:\/\/schema.org\",\"@graph\":[{\"@type\":\"WebPage\",\"@id\":\"https:\/\/jasinskifizjo.pl\/?page_id=123\",\"url\":\"https:\/\/jasinskifizjo.pl\/?page_id=123\",\"name\":\"Us\u0142ugi - Pawe\u0142 Jasi\u0144ski Fizjoterapeuta\",\"isPartOf\":{\"@id\":\"https:\/\/jasinskifizjo.pl\/#website\"},\"datePublished\":\"2026-02-06T22:01:39+00:00\",\"dateModified\":\"2026-02-06T22:27:00+00:00\",\"breadcrumb\":{\"@id\":\"https:\/\/jasinskifizjo.pl\/?page_id=123#breadcrumb\"},\"inLanguage\":\"pl-PL\",\"potentialAction\":[{\"@type\":\"ReadAction\",\"target\":[\"https:\/\/jasinskifizjo.pl\/?page_id=123\"]}]},{\"@type\":\"BreadcrumbList\",\"@id\":\"https:\/\/jasinskifizjo.pl\/?page_id=123#breadcrumb\",\"itemListElement\":[{\"@type\":\"ListItem\",\"position\":1,\"name\":\"Strona g\u0142\u00f3wna\",\"item\":\"https:\/\/jasinskifizjo.pl\/\"},{\"@type\":\"ListItem\",\"position\":2,\"name\":\"Us\u0142ugi\"}]},{\"@type\":\"WebSite\",\"@id\":\"https:\/\/jasinskifizjo.pl\/#website\",\"url\":\"https:\/\/jasinskifizjo.pl\/\",\"name\":\"Pawe\u0142 Jasi\u0144ski Fizjoterapeuta\",\"description\":\"Pawe\u0142 Jasi\u0144ski Fizjoterapeuta\",\"potentialAction\":[{\"@type\":\"SearchAction\",\"target\":{\"@type\":\"EntryPoint\",\"urlTemplate\":\"https:\/\/jasinskifizjo.pl\/?s={search_term_string}\"},\"query-input\":{\"@type\":\"PropertyValueSpecification\",\"valueRequired\":true,\"valueName\":\"search_term_string\"}}],\"inLanguage\":\"pl-PL\"}]}<\/script>\n<!-- \/ Yoast SEO plugin. -->","yoast_head_json":{"title":"Us\u0142ugi - Pawe\u0142 Jasi\u0144ski Fizjoterapeuta","robots":{"index":"index","follow":"follow","max-snippet":"max-snippet:-1","max-image-preview":"max-image-preview:large","max-video-preview":"max-video-preview:-1"},"canonical":"https:\/\/jasinskifizjo.pl\/?page_id=123","og_locale":"pl_PL","og_type":"article","og_title":"Us\u0142ugi - Pawe\u0142 Jasi\u0144ski Fizjoterapeuta","og_url":"https:\/\/jasinskifizjo.pl\/?page_id=123","og_site_name":"Pawe\u0142 Jasi\u0144ski Fizjoterapeuta","article_modified_time":"2026-02-06T22:27:00+00:00","twitter_card":"summary_large_image","schema":{"@context":"https:\/\/schema.org","@graph":[{"@type":"WebPage","@id":"https:\/\/jasinskifizjo.pl\/?page_id=123","url":"https:\/\/jasinskifizjo.pl\/?page_id=123","name":"Us\u0142ugi - Pawe\u0142 Jasi\u0144ski Fizjoterapeuta","isPartOf":{"@id":"https:\/\/jasinskifizjo.pl\/#website"},"datePublished":"2026-02-06T22:01:39+00:00","dateModified":"2026-02-06T22:27:00+00:00","breadcrumb":{"@id":"https:\/\/jasinskifizjo.pl\/?page_id=123#breadcrumb"},"inLanguage":"pl-PL","potentialAction":[{"@type":"ReadAction","target":["https:\/\/jasinskifizjo.pl\/?page_id=123"]}]},{"@type":"BreadcrumbList","@id":"https:\/\/jasinskifizjo.pl\/?page_id=123#breadcrumb","itemListElement":[{"@type":"ListItem","position":1,"name":"Strona g\u0142\u00f3wna","item":"https:\/\/jasinskifizjo.pl\/"},{"@type":"ListItem","position":2,"name":"Us\u0142ugi"}]},{"@type":"WebSite","@id":"https:\/\/jasinskifizjo.pl\/#website","url":"https:\/\/jasinskifizjo.pl\/","name":"Pawe\u0142 Jasi\u0144ski Fizjoterapeuta","description":"Pawe\u0142 Jasi\u0144ski Fizjoterapeuta","potentialAction":[{"@type":"SearchAction","target":{"@type":"EntryPoint","urlTemplate":"https:\/\/jasinskifizjo.pl\/?s={search_term_string}"},"query-input":{"@type":"PropertyValueSpecification","valueRequired":true,"valueName":"search_term_string"}}],"inLanguage":"pl-PL"}]}},"_links":{"self":[{"href":"https:\/\/jasinskifizjo.pl\/index.php?rest_route=\/wp\/v2\/pages\/123","targetHints":{"allow":["GET"]}}],"collection":[{"href":"https:\/\/jasinskifizjo.pl\/index.php?rest_route=\/wp\/v2\/pages"}],"about":[{"href":"https:\/\/jasinskifizjo.pl\/index.php?rest_route=\/wp\/v2\/types\/page"}],"author":[{"embeddable":true,"href":"https:\/\/jasinskifizjo.pl\/index.php?rest_route=\/wp\/v2\/users\/1"}],"replies":[{"embeddable":true,"href":"https:\/\/jasinskifizjo.pl\/index.php?rest_route=%2Fwp%2Fv2%2Fcomments&post=123"}],"version-history":[{"count":1,"href":"https:\/\/jasinskifizjo.pl\/index.php?rest_route=\/wp\/v2\/pages\/123\/revisions"}],"predecessor-version":[{"id":124,"href":"https:\/\/jasinskifizjo.pl\/index.php?rest_route=\/wp\/v2\/pages\/123\/revisions\/124"}],"wp:attachment":[{"href":"https:\/\/jasinskifizjo.pl\/index.php?rest_route=%2Fwp%2Fv2%2Fmedia&parent=123"}],"curies":[{"name":"wp","href":"https:\/\/api.w.org\/{rel}","templated":true}]}}